{"id":189,"date":"2025-06-06T21:34:03","date_gmt":"2025-06-06T21:34:03","guid":{"rendered":"https:\/\/studiogersemi.eu\/?page_id=189"},"modified":"2025-06-27T22:02:08","modified_gmt":"2025-06-27T22:02:08","slug":"werkwijze","status":"publish","type":"page","link":"https:\/\/studiogersemi.eu\/en\/werkwijze\/","title":{"rendered":"Werkwijze"},"content":{"rendered":"<div data-elementor-type=\"wp-page\" data-elementor-id=\"189\" class=\"elementor elementor-189\">\n\t\t\t\t<div class=\"elementor-element elementor-element-32abcee9 e-con-full e-flex e-con e-parent\" data-id=\"32abcee9\" data-element_type=\"container\" data-e-type=\"container\" data-settings=\"{&quot;background_background&quot;:&quot;classic&quot;}\">\n\t\t<div class=\"elementor-element elementor-element-7942aa33 e-con-full e-flex e-con e-child\" data-id=\"7942aa33\" data-element_type=\"container\" data-e-type=\"container\">\n\t\t\t\t<div class=\"elementor-element elementor-element-4d9d2aae elementor-widget elementor-widget-image\" data-id=\"4d9d2aae\" data-element_type=\"widget\" data-e-type=\"widget\" data-widget_type=\"image.default\">\n\t\t\t\t<div class=\"elementor-widget-container\">\n\t\t\t\t\t\t\t\t\t\t\t\t\t\t\t<img fetchpriority=\"high\" decoding=\"async\" width=\"548\" height=\"714\" src=\"https:\/\/studiogersemi.eu\/wp-content\/uploads\/2025\/06\/Massage.png\" class=\"attachment-large size-large wp-image-53\" alt=\"\" srcset=\"https:\/\/studiogersemi.eu\/wp-content\/uploads\/2025\/06\/Massage.png 548w, https:\/\/studiogersemi.eu\/wp-content\/uploads\/2025\/06\/Massage-230x300.png 230w\" sizes=\"(max-width: 548px) 100vw, 548px\" \/>\t\t\t\t\t\t\t\t\t\t\t\t\t\t\t<\/div>\n\t\t\t\t<\/div>\n\t\t\t\t<\/div>\n\t\t<div class=\"elementor-element elementor-element-3660086c e-con-full e-flex e-con e-child\" data-id=\"3660086c\" data-element_type=\"container\" data-e-type=\"container\">\n\t\t\t\t<div class=\"elementor-element elementor-element-11f2c8c1 elementor-widget elementor-widget-heading\" data-id=\"11f2c8c1\" data-element_type=\"widget\" data-e-type=\"widget\" data-widget_type=\"heading.default\">\n\t\t\t\t<div class=\"elementor-widget-container\">\n\t\t\t\t\t<h1 class=\"elementor-heading-title elementor-size-default\">Jouw lichaam liegt nooit. Daarom begin ik daar.<\/h1>\t\t\t\t<\/div>\n\t\t\t\t<\/div>\n\t\t\t\t<div class=\"elementor-element elementor-element-657bf9ad elementor-widget elementor-widget-text-editor\" data-id=\"657bf9ad\" data-element_type=\"widget\" data-e-type=\"widget\" data-widget_type=\"text-editor.default\">\n\t\t\t\t<div class=\"elementor-widget-container\">\n\t\t\t\t\t\t\t\t\t<p data-start=\"509\" data-end=\"777\">Of je nu komt voor een behandeling, coaching of een traject: ik kijk altijd verder dan de klacht. Want achter een symptoom zit vaak een verhaal. En jouw lijf fluistert (of schreeuwt!) waar het aandacht nodig heeft.<\/p><p data-start=\"779\" data-end=\"1014\">Mijn aanpak is intu\u00eftief \u00e9n onderbouwd. Zacht \u00e9n doeltreffend. We werken op het fysieke lichaam, het energetische systeem \u00e9n op je levensstijl. Zodat je niet alleen tijdelijk verlichting voelt, maar ook op lange termijn verschil merkt.<\/p>\t\t\t\t\t\t\t\t<\/div>\n\t\t\t\t<\/div>\n\t\t\t\t<\/div>\n\t\t\t\t<\/div>\n\t\t<div class=\"elementor-element elementor-element-6e1a1cb8 e-con-full e-flex e-con e-parent\" data-id=\"6e1a1cb8\" data-element_type=\"container\" data-e-type=\"container\" data-settings=\"{&quot;background_background&quot;:&quot;classic&quot;}\">\n\t\t\t\t\t\t\t<h3 \n\t\tdata-interaction-id=\"5cb28e0\" \n\t\tclass=\"e-5cb28e0-b90e610 e-heading-base\" \n\t\t \n\t\t\n\t>\n\t\n\t\t\tWat kun je verwachten?\n\t\t<\/h3>\n\t\t\t\t\t\t\t<h2 \n\t\tdata-interaction-id=\"3318f82\" \n\t\tclass=\"e-3318f82-a938221 e-heading-base\" \n\t\t \n\t\t\n\t>\n\t\n\t\t\t1. Intake\n\t\t<\/h2>\n\t\t\t\t<div class=\"elementor-element elementor-element-a86cb0d elementor-widget elementor-widget-text-editor\" data-id=\"a86cb0d\" data-element_type=\"widget\" data-e-type=\"widget\" data-widget_type=\"text-editor.default\">\n\t\t\t\t<div class=\"elementor-widget-container\">\n\t\t\t\t\t\t\t\t\t<p>Bij iedere 1e behandeling starten we met een intakegesprek. Hierdoor is deze afspraak langer dan de vervolgafspraken. Eventueel kunnen we de intake ook op een ander afgesproken moment voorafgaand aan jouw 1e afspraak doen.<\/p><p>De intake is bedoeld om jouw vraag helder te krijgen en jouw doelen te bepalen. Ik wil begrijpen wie jij bent, waar je tegenaan loopt, en wat jouw lijf en leven nodig hebben.<br \/>Indien jij akkoord bent, maken we foto&#8217;s en doen we een aantal metingen. Zo kunnen we op meerdere manieren het resultaat van de behandelingen monitoren.<\/p>\t\t\t\t\t\t\t\t<\/div>\n\t\t\t\t<\/div>\n\t\t\t\t\t\t\t<h2 \n\t\tdata-interaction-id=\"10d1972\" \n\t\tclass=\"e-10d1972-9105b60 e-heading-base\" \n\t\t \n\t\t\n\t>\n\t\n\t\t\t2. Behandeling op maat.\n\t\t<\/h2>\n\t\t\t\t<div class=\"elementor-element elementor-element-9d86b33 elementor-widget elementor-widget-text-editor\" data-id=\"9d86b33\" data-element_type=\"widget\" data-e-type=\"widget\" data-widget_type=\"text-editor.default\">\n\t\t\t\t<div class=\"elementor-widget-container\">\n\t\t\t\t\t\t\t\t\t<p>Geen standaard protocol. Ik stem af op jouw lijf, je energie en je doel. Soms werk ik intu\u00eftief, soms heel gericht \u2013 met <strong data-start=\"1417\" data-end=\"1445\">Transformational Cupping<\/strong>, een <strong data-start=\"1451\" data-end=\"1466\">bodypakking<\/strong>, <strong data-start=\"1468\" data-end=\"1487\">energetische behandeling<\/strong> of een combinatie van alles. We bespreken dit vooraf en kijken wat jij nodig hebt en waar je voor open staat. Lopen we tijdens een behandeling ergens tegenaan, dan kunnen we ter plekke vaak de behandeling aanpassen.<\/p>\t\t\t\t\t\t\t\t<\/div>\n\t\t\t\t<\/div>\n\t\t\t\t\t\t\t<h2 \n\t\tdata-interaction-id=\"cb9b223\" \n\t\tclass=\"e-cb9b223-685c753 e-heading-base\" \n\t\t \n\t\t\n\t>\n\t\n\t\t\t3. Tijdens de behandeling\n\t\t<\/h2>\n\t\t\t\t<div class=\"elementor-element elementor-element-240458d elementor-widget elementor-widget-text-editor\" data-id=\"240458d\" data-element_type=\"widget\" data-e-type=\"widget\" data-widget_type=\"text-editor.default\">\n\t\t\t\t<div class=\"elementor-widget-container\">\n\t\t\t\t\t\t\t\t\t<p>Tijdens de behandeling vraag ik je om jezelf volledig uit te kleden. Je ligt tijdens de behandeling onder een laken of handdoek.\u00a0<br \/>Voorafgaand aan de behandeling is het belangrijk om alle veranderingen of bijzonderheden in jouw gezondheid en medicatie door te geven.<\/p>\t\t\t\t\t\t\t\t<\/div>\n\t\t\t\t<\/div>\n\t\t\t\t\t\t\t<h2 \n\t\tdata-interaction-id=\"0348cea\" \n\t\tclass=\"e-0348cea-efeb509 e-heading-base\" \n\t\t \n\t\t\n\t>\n\t\n\t\t\t4. Telefonische bereikbaarheid\n\t\t<\/h2>\n\t\t\t\t<div class=\"elementor-element elementor-element-db53e02 elementor-widget elementor-widget-text-editor\" data-id=\"db53e02\" data-element_type=\"widget\" data-e-type=\"widget\" data-widget_type=\"text-editor.default\">\n\t\t\t\t<div class=\"elementor-widget-container\">\n\t\t\t\t\t\t\t\t\t<p>Omdat ik tijdens mijn behandelingen de aandacht volledig bij mijn cli\u00ebnten heb, ben ik telefonisch vaak minder goed bereikbaar. Heb je een vraag of wil je een afspraken maken\/annuleren\/verzetten? Stuur me dan een WhatsApp bericht of een email. Uiteraard kun je ook een bericht sturen via het contactfomulier op deze website.<\/p>\t\t\t\t\t\t\t\t<\/div>\n\t\t\t\t<\/div>\n\t\t\t\t\t\t\t<h2 \n\t\tdata-interaction-id=\"ae56c61\" \n\t\tclass=\"e-ae56c61-889cb2e e-heading-base\" \n\t\t \n\t\t\n\t>\n\t\n\t\t\t5. Afspraken maken of annuleren.\n\t\t<\/h2>\n\t\t\t\t<div class=\"elementor-element elementor-element-28422b3 elementor-widget elementor-widget-text-editor\" data-id=\"28422b3\" data-element_type=\"widget\" data-e-type=\"widget\" data-widget_type=\"text-editor.default\">\n\t\t\t\t<div class=\"elementor-widget-container\">\n\t\t\t\t\t\t\t\t\t<p>Afspraken kun je maken via het contactformulier te vinden op deze website. Ook staat er op vrijwel iedere pagina wel een knop waarbij het bij het formulier komt. Wil je liever persoonlijk contact bij het maken van je afspraak, stuur mij dan een WhatsApp bericht. Wil je lastminute een afspraak inplannen? Dan kan dit alleen via WhatsApp!<br \/><br \/>Annuleren van een afspraak kan tot 48 uur van tevoren. Annuleer je binnen de 48 uur, dan wordt 50% van de kosten doorberekend. Wil je de afspraak verzetten? Dat kan naar gelang er ruimte is in de agenda.<\/p>\t\t\t\t\t\t\t\t<\/div>\n\t\t\t\t<\/div>\n\t\t\t\t\t\t\t<h2 \n\t\tdata-interaction-id=\"9e162d5\" \n\t\tclass=\"e-9e162d5-135bd9c e-heading-base\" \n\t\t \n\t\t\n\t>\n\t\n\t\t\t6. Algemene Voorwaarden.\n\t\t<\/h2>\n\t\t\t\t<div class=\"elementor-element elementor-element-4721abf elementor-widget elementor-widget-text-editor\" data-id=\"4721abf\" data-element_type=\"widget\" data-e-type=\"widget\" data-widget_type=\"text-editor.default\">\n\t\t\t\t<div class=\"elementor-widget-container\">\n\t\t\t\t\t\t\t\t\t<p>Bij het maken van een afspraak ga je akkoord met de algemene voorwaarden. Deze zijn te vinden op deze website en indien gewenst ook fysiek op te vragen.<\/p>\t\t\t\t\t\t\t\t<\/div>\n\t\t\t\t<\/div>\n\t\t\t\t<\/div>\n\t\t<div class=\"elementor-element elementor-element-59c00676 e-con-full e-flex e-con e-parent\" data-id=\"59c00676\" data-element_type=\"container\" data-e-type=\"container\" data-settings=\"{&quot;background_background&quot;:&quot;classic&quot;}\">\n\t\t\t\t<div class=\"elementor-element elementor-element-3bd780e0 elementor-widget elementor-widget-heading\" data-id=\"3bd780e0\" data-element_type=\"widget\" data-e-type=\"widget\" data-widget_type=\"heading.default\">\n\t\t\t\t<div class=\"elementor-widget-container\">\n\t\t\t\t\t<h3 class=\"elementor-heading-title elementor-size-default\"> Veelgestelde vragen<\/h3>\t\t\t\t<\/div>\n\t\t\t\t<\/div>\n\t\t<div class=\"elementor-element elementor-element-384b4cd6 e-con-full e-flex e-con e-child\" data-id=\"384b4cd6\" data-element_type=\"container\" data-e-type=\"container\">\n\t\t\t\t<div class=\"elementor-element elementor-element-3432fde9 elementor-widget__width-inherit elementor-widget elementor-widget-toggle\" data-id=\"3432fde9\" data-element_type=\"widget\" data-e-type=\"widget\" data-widget_type=\"toggle.default\">\n\t\t\t\t<div class=\"elementor-widget-container\">\n\t\t\t\t\t\t\t<div class=\"elementor-toggle\">\n\t\t\t\t\t\t\t<div class=\"elementor-toggle-item\">\n\t\t\t\t\t<h4 id=\"elementor-tab-title-8751\" class=\"elementor-tab-title\" data-tab=\"1\" role=\"button\" aria-controls=\"elementor-tab-content-8751\" aria-expanded=\"false\">\n\t\t\t\t\t\t\t\t\t\t\t\t<span class=\"elementor-toggle-icon elementor-toggle-icon-right\" aria-hidden=\"true\">\n\t\t\t\t\t\t\t\t\t\t\t\t\t\t\t<span class=\"elementor-toggle-icon-closed\"><svg class=\"e-font-icon-svg e-fas-angle-down\" viewbox=\"0 0 320 512\" xmlns=\"http:\/\/www.w3.org\/2000\/svg\"><path d=\"M143 352.3L7 216.3c-9.4-9.4-9.4-24.6 0-33.9l22.6-22.6c9.4-9.4 24.6-9.4 33.9 0l96.4 96.4 96.4-96.4c9.4-9.4 24.6-9.4 33.9 0l22.6 22.6c9.4 9.4 9.4 24.6 0 33.9l-136 136c-9.2 9.4-24.4 9.4-33.8 0z\"><\/path><\/svg><\/span>\n\t\t\t\t\t\t\t\t<span class=\"elementor-toggle-icon-opened\"><svg xmlns=\"http:\/\/www.w3.org\/2000\/svg\" id=\"ef88faed-b140-41a0-9417-c1651f3bd4fc\" data-name=\"Layer 1\" width=\"13.785\" height=\"1.0074\" viewbox=\"0 0 13.785 1.0074\"><defs><style>.e3c7dd86-9752-467e-8574-885a4e9461bb{fill:#1c2448;}<\/style><\/defs><path class=\"e3c7dd86-9752-467e-8574-885a4e9461bb\" d=\"M13.785,1.0338V.0265H0V1.0338Z\" transform=\"translate(0 -0.0265)\"><\/path><\/svg><\/span>\n\t\t\t\t\t\t\t\t\t\t\t\t\t<\/span>\n\t\t\t\t\t\t\t\t\t\t\t\t<a class=\"elementor-toggle-title\" tabindex=\"0\">Doet Transformational Cupping pijn?<\/a>\n\t\t\t\t\t<\/h4>\n\n\t\t\t\t\t<div id=\"elementor-tab-content-8751\" class=\"elementor-tab-content elementor-clearfix\" data-tab=\"1\" role=\"region\" aria-labelledby=\"elementor-tab-title-8751\"><p>Transformational cupping mag geen pijn doen. Soms kun je gevoelig reageren. We werken &#8211; volgens de Kim Cupping Methode &#8211; op bindweefsel en verklevingen, dat kan gevoelig zijn. Jij mag altijd aangeven wat je aankan. We passen de intensiteit van de behandeling op jou aan. De werking is niet beter als de behandeling pijn doet.<\/p><\/div>\n\t\t\t\t<\/div>\n\t\t\t\t\t\t\t<div class=\"elementor-toggle-item\">\n\t\t\t\t\t<h4 id=\"elementor-tab-title-8752\" class=\"elementor-tab-title\" data-tab=\"2\" role=\"button\" aria-controls=\"elementor-tab-content-8752\" aria-expanded=\"false\">\n\t\t\t\t\t\t\t\t\t\t\t\t<span class=\"elementor-toggle-icon elementor-toggle-icon-right\" aria-hidden=\"true\">\n\t\t\t\t\t\t\t\t\t\t\t\t\t\t\t<span class=\"elementor-toggle-icon-closed\"><svg class=\"e-font-icon-svg e-fas-angle-down\" viewbox=\"0 0 320 512\" xmlns=\"http:\/\/www.w3.org\/2000\/svg\"><path d=\"M143 352.3L7 216.3c-9.4-9.4-9.4-24.6 0-33.9l22.6-22.6c9.4-9.4 24.6-9.4 33.9 0l96.4 96.4 96.4-96.4c9.4-9.4 24.6-9.4 33.9 0l22.6 22.6c9.4 9.4 9.4 24.6 0 33.9l-136 136c-9.2 9.4-24.4 9.4-33.8 0z\"><\/path><\/svg><\/span>\n\t\t\t\t\t\t\t\t<span class=\"elementor-toggle-icon-opened\"><svg xmlns=\"http:\/\/www.w3.org\/2000\/svg\" id=\"ef88faed-b140-41a0-9417-c1651f3bd4fc\" data-name=\"Layer 1\" width=\"13.785\" height=\"1.0074\" viewbox=\"0 0 13.785 1.0074\"><defs><style>.e3c7dd86-9752-467e-8574-885a4e9461bb{fill:#1c2448;}<\/style><\/defs><path class=\"e3c7dd86-9752-467e-8574-885a4e9461bb\" d=\"M13.785,1.0338V.0265H0V1.0338Z\" transform=\"translate(0 -0.0265)\"><\/path><\/svg><\/span>\n\t\t\t\t\t\t\t\t\t\t\t\t\t<\/span>\n\t\t\t\t\t\t\t\t\t\t\t\t<a class=\"elementor-toggle-title\" tabindex=\"0\">Begeleid je ook retreats?<\/a>\n\t\t\t\t\t<\/h4>\n\n\t\t\t\t\t<div id=\"elementor-tab-content-8752\" class=\"elementor-tab-content elementor-clearfix\" data-tab=\"2\" role=\"region\" aria-labelledby=\"elementor-tab-title-8752\"><p>Jazeker. Ik heb in Valencia de mogelijkheid om 1-op-1 of in kleine groepen retreats te organiseren. Dit kan zowel met een basis van Transformational Cupping, als intermittent Fasting. Vraag hiervoor naar de mogelijkheden.<\/p><\/div>\n\t\t\t\t<\/div>\n\t\t\t\t\t\t\t<div class=\"elementor-toggle-item\">\n\t\t\t\t\t<h4 id=\"elementor-tab-title-8753\" class=\"elementor-tab-title\" data-tab=\"3\" role=\"button\" aria-controls=\"elementor-tab-content-8753\" aria-expanded=\"false\">\n\t\t\t\t\t\t\t\t\t\t\t\t<span class=\"elementor-toggle-icon elementor-toggle-icon-right\" aria-hidden=\"true\">\n\t\t\t\t\t\t\t\t\t\t\t\t\t\t\t<span class=\"elementor-toggle-icon-closed\"><svg class=\"e-font-icon-svg e-fas-angle-down\" viewbox=\"0 0 320 512\" xmlns=\"http:\/\/www.w3.org\/2000\/svg\"><path d=\"M143 352.3L7 216.3c-9.4-9.4-9.4-24.6 0-33.9l22.6-22.6c9.4-9.4 24.6-9.4 33.9 0l96.4 96.4 96.4-96.4c9.4-9.4 24.6-9.4 33.9 0l22.6 22.6c9.4 9.4 9.4 24.6 0 33.9l-136 136c-9.2 9.4-24.4 9.4-33.8 0z\"><\/path><\/svg><\/span>\n\t\t\t\t\t\t\t\t<span class=\"elementor-toggle-icon-opened\"><svg xmlns=\"http:\/\/www.w3.org\/2000\/svg\" id=\"ef88faed-b140-41a0-9417-c1651f3bd4fc\" data-name=\"Layer 1\" width=\"13.785\" height=\"1.0074\" viewbox=\"0 0 13.785 1.0074\"><defs><style>.e3c7dd86-9752-467e-8574-885a4e9461bb{fill:#1c2448;}<\/style><\/defs><path class=\"e3c7dd86-9752-467e-8574-885a4e9461bb\" d=\"M13.785,1.0338V.0265H0V1.0338Z\" transform=\"translate(0 -0.0265)\"><\/path><\/svg><\/span>\n\t\t\t\t\t\t\t\t\t\t\t\t\t<\/span>\n\t\t\t\t\t\t\t\t\t\t\t\t<a class=\"elementor-toggle-title\" tabindex=\"0\">Met welke producten wordt er gewerkt?<\/a>\n\t\t\t\t\t<\/h4>\n\n\t\t\t\t\t<div id=\"elementor-tab-content-8753\" class=\"elementor-tab-content elementor-clearfix\" data-tab=\"3\" role=\"region\" aria-labelledby=\"elementor-tab-title-8753\"><p>Tijdens het cuppen werk ik met 100% organische en VEGAN zeewier olie van ZJI.<br \/><br \/>De bodypakkings zijn van IREIN. Deze producten zijn wetenschappelijk ontwikkeld met behulp van artsen, chemici en ingenieurs die zich al meer dan 20 jaar elke dag inzetten voor de studie en implementatie van technologie\u00ebn in combinatie met de meest functionele natuurlijke stoffen.<\/p><\/div>\n\t\t\t\t<\/div>\n\t\t\t\t\t\t\t\t<\/div>\n\t\t\t\t\t\t<\/div>\n\t\t\t\t<\/div>\n\t\t\t\t<\/div>\n\t\t\t\t<\/div>\n\t\t\t\t<\/div>","protected":false},"excerpt":{"rendered":"<p>Jouw lichaam liegt nooit. Daarom begin ik daar. Of je nu komt voor een behandeling, coaching of een traject: ik kijk altijd verder dan de klacht. Want achter een symptoom zit vaak een verhaal. En jouw lijf fluistert (of schreeuwt!) waar het aandacht nodig heeft. Mijn aanpak is intu\u00eftief \u00e9n onderbouwd. Zacht \u00e9n doeltreffend. We [&hellip;]<\/p>\n","protected":false},"author":1,"featured_media":0,"parent":0,"menu_order":0,"comment_status":"closed","ping_status":"closed","template":"","meta":{"content-type":"","footnotes":""},"class_list":["post-189","page","type-page","status-publish","hentry"],"yoast_head":"<!-- This site is optimized with the Yoast SEO plugin v27.6 - https:\/\/yoast.com\/product\/yoast-seo-wordpress\/ -->\n<title>Werkwijze - Studio Gersemi<\/title>\n<meta name=\"robots\" content=\"index, follow, max-snippet:-1, max-image-preview:large, max-video-preview:-1\" \/>\n<link rel=\"canonical\" href=\"https:\/\/studiogersemi.eu\/en\/werkwijze\/\" \/>\n<meta property=\"og:locale\" content=\"en_GB\" \/>\n<meta property=\"og:type\" content=\"article\" \/>\n<meta property=\"og:title\" content=\"Werkwijze - Studio Gersemi\" \/>\n<meta property=\"og:description\" content=\"Jouw lichaam liegt nooit. Daarom begin ik daar. Of je nu komt voor een behandeling, coaching of een traject: ik kijk altijd verder dan de klacht. Want achter een symptoom zit vaak een verhaal. En jouw lijf fluistert (of schreeuwt!) waar het aandacht nodig heeft. Mijn aanpak is intu\u00eftief \u00e9n onderbouwd. Zacht \u00e9n doeltreffend. We [&hellip;]\" \/>\n<meta property=\"og:url\" content=\"https:\/\/studiogersemi.eu\/en\/werkwijze\/\" \/>\n<meta property=\"og:site_name\" content=\"Studio Gersemi\" \/>\n<meta property=\"article:publisher\" content=\"https:\/\/www.facebook.com\/My7Sins.sales\" \/>\n<meta property=\"article:modified_time\" content=\"2025-06-27T22:02:08+00:00\" \/>\n<meta property=\"og:image\" content=\"https:\/\/studiogersemi.eu\/wp-content\/uploads\/2025\/06\/Massage.png\" \/>\n\t<meta property=\"og:image:width\" content=\"548\" \/>\n\t<meta property=\"og:image:height\" content=\"714\" \/>\n\t<meta property=\"og:image:type\" content=\"image\/png\" \/>\n<meta name=\"twitter:card\" content=\"summary_large_image\" \/>\n<meta name=\"twitter:label1\" content=\"Est. reading time\" \/>\n\t<meta name=\"twitter:data1\" content=\"3 minutes\" \/>\n<script type=\"application\/ld+json\" class=\"yoast-schema-graph\">{\"@context\":\"https:\\\/\\\/schema.org\",\"@graph\":[{\"@type\":\"WebPage\",\"@id\":\"https:\\\/\\\/studiogersemi.eu\\\/werkwijze\\\/\",\"url\":\"https:\\\/\\\/studiogersemi.eu\\\/werkwijze\\\/\",\"name\":\"Werkwijze - Studio Gersemi\",\"isPartOf\":{\"@id\":\"https:\\\/\\\/studiogersemi.eu\\\/#website\"},\"primaryImageOfPage\":{\"@id\":\"https:\\\/\\\/studiogersemi.eu\\\/werkwijze\\\/#primaryimage\"},\"image\":{\"@id\":\"https:\\\/\\\/studiogersemi.eu\\\/werkwijze\\\/#primaryimage\"},\"thumbnailUrl\":\"https:\\\/\\\/studiogersemi.eu\\\/wp-content\\\/uploads\\\/2025\\\/06\\\/Massage.png\",\"datePublished\":\"2025-06-06T21:34:03+00:00\",\"dateModified\":\"2025-06-27T22:02:08+00:00\",\"breadcrumb\":{\"@id\":\"https:\\\/\\\/studiogersemi.eu\\\/werkwijze\\\/#breadcrumb\"},\"inLanguage\":\"en-GB\",\"potentialAction\":[{\"@type\":\"ReadAction\",\"target\":[\"https:\\\/\\\/studiogersemi.eu\\\/werkwijze\\\/\"]}]},{\"@type\":\"ImageObject\",\"inLanguage\":\"en-GB\",\"@id\":\"https:\\\/\\\/studiogersemi.eu\\\/werkwijze\\\/#primaryimage\",\"url\":\"https:\\\/\\\/studiogersemi.eu\\\/wp-content\\\/uploads\\\/2025\\\/06\\\/Massage.png\",\"contentUrl\":\"https:\\\/\\\/studiogersemi.eu\\\/wp-content\\\/uploads\\\/2025\\\/06\\\/Massage.png\"},{\"@type\":\"BreadcrumbList\",\"@id\":\"https:\\\/\\\/studiogersemi.eu\\\/werkwijze\\\/#breadcrumb\",\"itemListElement\":[{\"@type\":\"ListItem\",\"position\":1,\"name\":\"Home\",\"item\":\"https:\\\/\\\/studiogersemi.eu\\\/\"},{\"@type\":\"ListItem\",\"position\":2,\"name\":\"Werkwijze\"}]},{\"@type\":\"WebSite\",\"@id\":\"https:\\\/\\\/studiogersemi.eu\\\/#website\",\"url\":\"https:\\\/\\\/studiogersemi.eu\\\/\",\"name\":\"Studio Gersemi\",\"description\":\"\",\"publisher\":{\"@id\":\"https:\\\/\\\/studiogersemi.eu\\\/#organization\"},\"potentialAction\":[{\"@type\":\"SearchAction\",\"target\":{\"@type\":\"EntryPoint\",\"urlTemplate\":\"https:\\\/\\\/studiogersemi.eu\\\/?s={search_term_string}\"},\"query-input\":{\"@type\":\"PropertyValueSpecification\",\"valueRequired\":true,\"valueName\":\"search_term_string\"}}],\"inLanguage\":\"en-GB\"},{\"@type\":\"Organization\",\"@id\":\"https:\\\/\\\/studiogersemi.eu\\\/#organization\",\"name\":\"Studio Gersemi\",\"url\":\"https:\\\/\\\/studiogersemi.eu\\\/\",\"logo\":{\"@type\":\"ImageObject\",\"inLanguage\":\"en-GB\",\"@id\":\"https:\\\/\\\/studiogersemi.eu\\\/#\\\/schema\\\/logo\\\/image\\\/\",\"url\":\"https:\\\/\\\/studiogersemi.eu\\\/wp-content\\\/uploads\\\/2025\\\/06\\\/cropped-cropped-Studio-Gersemi-blanc1.png\",\"contentUrl\":\"https:\\\/\\\/studiogersemi.eu\\\/wp-content\\\/uploads\\\/2025\\\/06\\\/cropped-cropped-Studio-Gersemi-blanc1.png\",\"width\":293,\"height\":299,\"caption\":\"Studio Gersemi\"},\"image\":{\"@id\":\"https:\\\/\\\/studiogersemi.eu\\\/#\\\/schema\\\/logo\\\/image\\\/\"},\"sameAs\":[\"https:\\\/\\\/www.facebook.com\\\/My7Sins.sales\",\"https:\\\/\\\/www.linkedin.com\\\/in\\\/annette-wiggen-0b307577\\\/\",\"https:\\\/\\\/www.instagram.com\\\/cupping_valencia_studiogersemi\\\/\"]}]}<\/script>\n<!-- \/ Yoast SEO plugin. -->","yoast_head_json":{"title":"Werkwijze - Studio Gersemi","robots":{"index":"index","follow":"follow","max-snippet":"max-snippet:-1","max-image-preview":"max-image-preview:large","max-video-preview":"max-video-preview:-1"},"canonical":"https:\/\/studiogersemi.eu\/en\/werkwijze\/","og_locale":"en_GB","og_type":"article","og_title":"Werkwijze - Studio Gersemi","og_description":"Jouw lichaam liegt nooit. Daarom begin ik daar. Of je nu komt voor een behandeling, coaching of een traject: ik kijk altijd verder dan de klacht. Want achter een symptoom zit vaak een verhaal. En jouw lijf fluistert (of schreeuwt!) waar het aandacht nodig heeft. Mijn aanpak is intu\u00eftief \u00e9n onderbouwd. Zacht \u00e9n doeltreffend. We [&hellip;]","og_url":"https:\/\/studiogersemi.eu\/en\/werkwijze\/","og_site_name":"Studio Gersemi","article_publisher":"https:\/\/www.facebook.com\/My7Sins.sales","article_modified_time":"2025-06-27T22:02:08+00:00","og_image":[{"width":548,"height":714,"url":"https:\/\/studiogersemi.eu\/wp-content\/uploads\/2025\/06\/Massage.png","type":"image\/png"}],"twitter_card":"summary_large_image","twitter_misc":{"Est. reading time":"3 minutes"},"schema":{"@context":"https:\/\/schema.org","@graph":[{"@type":"WebPage","@id":"https:\/\/studiogersemi.eu\/werkwijze\/","url":"https:\/\/studiogersemi.eu\/werkwijze\/","name":"Werkwijze - Studio Gersemi","isPartOf":{"@id":"https:\/\/studiogersemi.eu\/#website"},"primaryImageOfPage":{"@id":"https:\/\/studiogersemi.eu\/werkwijze\/#primaryimage"},"image":{"@id":"https:\/\/studiogersemi.eu\/werkwijze\/#primaryimage"},"thumbnailUrl":"https:\/\/studiogersemi.eu\/wp-content\/uploads\/2025\/06\/Massage.png","datePublished":"2025-06-06T21:34:03+00:00","dateModified":"2025-06-27T22:02:08+00:00","breadcrumb":{"@id":"https:\/\/studiogersemi.eu\/werkwijze\/#breadcrumb"},"inLanguage":"en-GB","potentialAction":[{"@type":"ReadAction","target":["https:\/\/studiogersemi.eu\/werkwijze\/"]}]},{"@type":"ImageObject","inLanguage":"en-GB","@id":"https:\/\/studiogersemi.eu\/werkwijze\/#primaryimage","url":"https:\/\/studiogersemi.eu\/wp-content\/uploads\/2025\/06\/Massage.png","contentUrl":"https:\/\/studiogersemi.eu\/wp-content\/uploads\/2025\/06\/Massage.png"},{"@type":"BreadcrumbList","@id":"https:\/\/studiogersemi.eu\/werkwijze\/#breadcrumb","itemListElement":[{"@type":"ListItem","position":1,"name":"Home","item":"https:\/\/studiogersemi.eu\/"},{"@type":"ListItem","position":2,"name":"Werkwijze"}]},{"@type":"WebSite","@id":"https:\/\/studiogersemi.eu\/#website","url":"https:\/\/studiogersemi.eu\/","name":"Studio Gersemi","description":"","publisher":{"@id":"https:\/\/studiogersemi.eu\/#organization"},"potentialAction":[{"@type":"SearchAction","target":{"@type":"EntryPoint","urlTemplate":"https:\/\/studiogersemi.eu\/?s={search_term_string}"},"query-input":{"@type":"PropertyValueSpecification","valueRequired":true,"valueName":"search_term_string"}}],"inLanguage":"en-GB"},{"@type":"Organization","@id":"https:\/\/studiogersemi.eu\/#organization","name":"Studio Gersemi","url":"https:\/\/studiogersemi.eu\/","logo":{"@type":"ImageObject","inLanguage":"en-GB","@id":"https:\/\/studiogersemi.eu\/#\/schema\/logo\/image\/","url":"https:\/\/studiogersemi.eu\/wp-content\/uploads\/2025\/06\/cropped-cropped-Studio-Gersemi-blanc1.png","contentUrl":"https:\/\/studiogersemi.eu\/wp-content\/uploads\/2025\/06\/cropped-cropped-Studio-Gersemi-blanc1.png","width":293,"height":299,"caption":"Studio Gersemi"},"image":{"@id":"https:\/\/studiogersemi.eu\/#\/schema\/logo\/image\/"},"sameAs":["https:\/\/www.facebook.com\/My7Sins.sales","https:\/\/www.linkedin.com\/in\/annette-wiggen-0b307577\/","https:\/\/www.instagram.com\/cupping_valencia_studiogersemi\/"]}]}},"_links":{"self":[{"href":"https:\/\/studiogersemi.eu\/en\/wp-json\/wp\/v2\/pages\/189","targetHints":{"allow":["GET"]}}],"collection":[{"href":"https:\/\/studiogersemi.eu\/en\/wp-json\/wp\/v2\/pages"}],"about":[{"href":"https:\/\/studiogersemi.eu\/en\/wp-json\/wp\/v2\/types\/page"}],"author":[{"embeddable":true,"href":"https:\/\/studiogersemi.eu\/en\/wp-json\/wp\/v2\/users\/1"}],"replies":[{"embeddable":true,"href":"https:\/\/studiogersemi.eu\/en\/wp-json\/wp\/v2\/comments?post=189"}],"version-history":[{"count":13,"href":"https:\/\/studiogersemi.eu\/en\/wp-json\/wp\/v2\/pages\/189\/revisions"}],"predecessor-version":[{"id":756,"href":"https:\/\/studiogersemi.eu\/en\/wp-json\/wp\/v2\/pages\/189\/revisions\/756"}],"wp:attachment":[{"href":"https:\/\/studiogersemi.eu\/en\/wp-json\/wp\/v2\/media?parent=189"}],"curies":[{"name":"wp","href":"https:\/\/api.w.org\/{rel}","templated":true}]}}